{"id":81,"date":"2026-04-13T13:28:10","date_gmt":"2026-04-13T16:28:10","guid":{"rendered":"https:\/\/syswave.com.br\/?page_id=81"},"modified":"2026-04-14T09:13:37","modified_gmt":"2026-04-14T12:13:37","slug":"missao","status":"publish","type":"page","link":"https:\/\/syswave.com.br\/index.php\/missao\/","title":{"rendered":"missao"},"content":{"rendered":"\t\t<div data-elementor-type=\"wp-post\" data-elementor-id=\"81\" class=\"elementor elementor-81\">\n\t\t\t\t<div class=\"elementor-element elementor-element-247c030 e-flex e-con-boxed e-con e-parent\" data-id=\"247c030\" data-element_type=\"container\" data-e-type=\"container\">\n\t\t\t\t\t<div class=\"e-con-inner\">\n\t\t\t\t<div class=\"elementor-element elementor-element-5166f17 elementor-widget-divider--separator-type-pattern elementor-widget-divider--view-line elementor-widget elementor-widget-divider\" data-id=\"5166f17\" data-element_type=\"widget\" data-e-type=\"widget\" data-widget_type=\"divider.default\">\n\t\t\t\t\t\t\t<div class=\"elementor-divider\" style=\"--divider-pattern-url: url(&quot;data:image\/svg+xml,%3Csvg xmlns=&#039;http:\/\/www.w3.org\/2000\/svg&#039; preserveAspectRatio=&#039;none&#039; overflow=&#039;visible&#039; height=&#039;100%&#039; viewBox=&#039;0 0 20 16&#039; fill=&#039;none&#039; stroke=&#039;black&#039; stroke-width=&#039;1&#039; stroke-linecap=&#039;square&#039; stroke-miterlimit=&#039;10&#039;%3E%3Cg transform=&#039;translate(-12.000000, 0)&#039;%3E%3Cpath d=&#039;M28,0L10,18&#039;\/%3E%3Cpath d=&#039;M18,0L0,18&#039;\/%3E%3Cpath d=&#039;M48,0L30,18&#039;\/%3E%3Cpath d=&#039;M38,0L20,18&#039;\/%3E%3C\/g%3E%3C\/svg%3E&quot;);\">\n\t\t\t<span class=\"elementor-divider-separator\">\n\t\t\t\t\t\t<\/span>\n\t\t<\/div>\n\t\t\t\t\t\t<\/div>\n\t\t\t\t\t<\/div>\n\t\t\t\t<\/div>\n\t\t<div class=\"elementor-element elementor-element-e574fd2 e-grid e-con-boxed e-con e-parent\" data-id=\"e574fd2\" data-element_type=\"container\" data-e-type=\"container\">\n\t\t\t\t\t<div class=\"e-con-inner\">\n\t\t\t\t\t\t\t\n\t\t<img class=\"e-image-base \" \n\t\t\t\t\tdata-interaction-id=\"a4ae353\" \n\t\t \n\t\t \n\t\t\t\t\t\t\t\t\tid=\"173\"\n\t\t\t\t\t\t\t\t\t\t\t\tsrc=\"https:\/\/syswave.com.br\/wp-content\/uploads\/2026\/04\/missao.jpg\"\n\t\t\t\t\t\t\t\t\t\t\t\twidth=\"1408\"\n\t\t\t\t\t\t\t\t\t\t\t\theight=\"768\"\n\t\t\t\t\t\t\t\t\t\t\t\tsrcset=\"https:\/\/syswave.com.br\/wp-content\/uploads\/2026\/04\/missao.jpg 1408w, https:\/\/syswave.com.br\/wp-content\/uploads\/2026\/04\/missao-300x164.jpg 300w, https:\/\/syswave.com.br\/wp-content\/uploads\/2026\/04\/missao-1024x559.jpg 1024w, https:\/\/syswave.com.br\/wp-content\/uploads\/2026\/04\/missao-768x419.jpg 768w\"\n\t\t\t\t\t\t\t\t\t\t\t\talt=\"\"\n\t\t\t\t\t\t\/>\n\t\t\t\t\t<div class=\"elementor-element elementor-element-32a1471 elementor-widget elementor-widget-text-editor\" data-id=\"32a1471\" data-element_type=\"widget\" data-e-type=\"widget\" data-widget_type=\"text-editor.default\">\n\t\t\t\t\t\t\t\t\t<p>MISS\u00c3O<\/p><p style=\"font-size: 18px; font-style: normal; font-weight: 400; text-align: justify;\">Garantir a continuidade e seguran\u00e7a das opera\u00e7\u00f5es empresariais por meio de uma infraestrutura de TI est\u00e1vel, escal\u00e1vel, protegida e bem estruturada.<\/p>\t\t\t\t\t\t\t\t<\/div>\n\t\t\t\t<div class=\"elementor-element elementor-element-e0b4836 elementor-widget elementor-widget-text-editor\" data-id=\"e0b4836\" data-element_type=\"widget\" data-e-type=\"widget\" data-widget_type=\"text-editor.default\">\n\t\t\t\t\t\t\t\t\t<p>VIS\u00c3O<\/p><p style=\"font-size: 18px; font-style: normal; font-weight: 400; text-align: justify;\">Ser refer\u00eancia em gest\u00e3o e prote\u00e7\u00e3o de infraestrutura de TI, sendo reconhecida pela confiabilidade, efici\u00eancia e impacto real nos resultados de nossos clientes.<\/p>\t\t\t\t\t\t\t\t<\/div>\n\t\t\t\t\t\t\t\n\t\t<img class=\"e-image-base \" \n\t\t\t\t\tdata-interaction-id=\"5c87a02\" \n\t\t \n\t\t \n\t\t\t\t\t\t\t\t\tid=\"182\"\n\t\t\t\t\t\t\t\t\t\t\t\tsrc=\"https:\/\/syswave.com.br\/wp-content\/uploads\/2026\/04\/visao.png\"\n\t\t\t\t\t\t\t\t\t\t\t\twidth=\"1536\"\n\t\t\t\t\t\t\t\t\t\t\t\theight=\"1024\"\n\t\t\t\t\t\t\t\t\t\t\t\tsrcset=\"https:\/\/syswave.com.br\/wp-content\/uploads\/2026\/04\/visao.png 1536w, https:\/\/syswave.com.br\/wp-content\/uploads\/2026\/04\/visao-300x200.png 300w, https:\/\/syswave.com.br\/wp-content\/uploads\/2026\/04\/visao-1024x683.png 1024w, https:\/\/syswave.com.br\/wp-content\/uploads\/2026\/04\/visao-768x512.png 768w\"\n\t\t\t\t\t\t\t\t\t\t\t\talt=\"\"\n\t\t\t\t\t\t\/>\n\t\t\t\t\t<div class=\"elementor-element elementor-element-e9863bd elementor-widget elementor-widget-image\" data-id=\"e9863bd\" data-element_type=\"widget\" data-e-type=\"widget\" data-widget_type=\"image.default\">\n\t\t\t\t\t\t\t\t\t\t\t\t\t\t\t<img fetchpriority=\"high\" decoding=\"async\" width=\"1024\" height=\"683\" src=\"https:\/\/syswave.com.br\/wp-content\/uploads\/2026\/04\/valores-1024x683.png\" class=\"attachment-large size-large wp-image-183\" alt=\"\" srcset=\"https:\/\/syswave.com.br\/wp-content\/uploads\/2026\/04\/valores-1024x683.png 1024w, https:\/\/syswave.com.br\/wp-content\/uploads\/2026\/04\/valores-300x200.png 300w, https:\/\/syswave.com.br\/wp-content\/uploads\/2026\/04\/valores-768x512.png 768w, https:\/\/syswave.com.br\/wp-content\/uploads\/2026\/04\/valores.png 1536w\" sizes=\"(max-width: 1024px) 100vw, 1024px\" \/>\t\t\t\t\t\t\t\t\t\t\t\t\t\t\t<\/div>\n\t\t\t\t<div class=\"elementor-element elementor-element-72b0416 elementor-widget elementor-widget-text-editor\" data-id=\"72b0416\" data-element_type=\"widget\" data-e-type=\"widget\" data-widget_type=\"text-editor.default\">\n\t\t\t\t\t\t\t\t\t<p>\u00a0 \u00a0 \u00a0VALORES<\/p><ul><li><b>Seguran\u00e7a em primeiro lugar:<\/b><br \/>Protegemos o que \u00e9 essencial para o seu neg\u00f3cio.<\/li><li style=\"font-size: 18px; font-style: normal; text-align: justify;\"><b>Excel\u00eancia t\u00e9cnica:<\/b><br \/>Aplicamos conhecimento com precis\u00e3o e responsabilidade.<\/li><li style=\"font-size: 18px; font-style: normal; text-align: justify;\"><b>Transpar\u00eancia:<\/b><br \/>Voc\u00ea sabe exatamente o que est\u00e1 acontecendo na sua infra de TI.<\/li><li style=\"font-size: 18px; font-style: normal; text-align: justify;\"><b>Proatividade:<\/b><br \/>Antecipamos problemas antes que eles aconte\u00e7am.<\/li><li style=\"font-size: 18px; font-style: normal; text-align: justify;\"><b>Compromisso com o cliente:<\/b><br \/>O sucesso do cliente \u00e9 o nosso sucesso.<\/li><li style=\"font-size: 18px; font-style: normal; text-align: justify;\"><b>Evolu\u00e7\u00e3o constante:<\/b><br \/>Tecnologia muda &#8211; n\u00f3s evolu\u00edmos juntos !!!<\/li><\/ul>\t\t\t\t\t\t\t\t<\/div>\n\t\t\t\t\t<\/div>\n\t\t\t\t<\/div>\n\t\t\t\t<\/div>\n\t\t","protected":false},"excerpt":{"rendered":"<p>MISS\u00c3O Garantir a continuidade e seguran\u00e7a das opera\u00e7\u00f5es empresariais por meio de uma infraestrutura de TI est\u00e1vel, escal\u00e1vel, protegida e [&hellip;]<\/p>\n","protected":false},"author":1,"featured_media":0,"parent":0,"menu_order":0,"comment_status":"closed","ping_status":"closed","template":"","meta":{"_eb_attr":"","site-sidebar-layout":"no-sidebar","site-content-layout":"","ast-site-content-layout":"full-width-container","site-content-style":"default","site-sidebar-style":"default","ast-global-header-display":"","ast-banner-title-visibility":"","ast-main-header-display":"","ast-hfb-above-header-display":"","ast-hfb-below-header-display":"","ast-hfb-mobile-header-display":"","site-post-title":"disabled","ast-breadcrumbs-content":"","ast-featured-img":"disabled","footer-sml-layout":"","ast-disable-related-posts":"","theme-transparent-header-meta":"","adv-header-id-meta":"","stick-header-meta":"","header-above-stick-meta":"","header-main-stick-meta":"","header-below-stick-meta":"","astra-migrate-meta-layouts":"default","ast-page-background-enabled":"default","ast-page-background-meta":{"desktop":{"background-color":"var(--ast-global-color-5)","background-image":"","background-repeat":"repeat","background-position":"center center","background-size":"auto","background-attachment":"scroll","background-type":"","background-media":"","overlay-type":"","overlay-color":"","overlay-opacity":"","overlay-gradient":""},"tablet":{"background-color":"","background-image":"","background-repeat":"repeat","background-position":"center center","background-size":"auto","background-attachment":"scroll","background-type":"","background-media":"","overlay-type":"","overlay-color":"","overlay-opacity":"","overlay-gradient":""},"mobile":{"background-color":"","background-image":"","background-repeat":"repeat","background-position":"center center","background-size":"auto","background-attachment":"scroll","background-type":"","background-media":"","overlay-type":"","overlay-color":"","overlay-opacity":"","overlay-gradient":""}},"ast-content-background-meta":{"desktop":{"background-color":"var(--ast-global-color-4)","background-image":"","background-repeat":"repeat","background-position":"center center","background-size":"auto","background-attachment":"scroll","background-type":"","background-media":"","overlay-type":"","overlay-color":"","overlay-opacity":"","overlay-gradient":""},"tablet":{"background-color":"var(--ast-global-color-4)","background-image":"","background-repeat":"repeat","background-position":"center center","background-size":"auto","background-attachment":"scroll","background-type":"","background-media":"","overlay-type":"","overlay-color":"","overlay-opacity":"","overlay-gradient":""},"mobile":{"background-color":"var(--ast-global-color-4)","background-image":"","background-repeat":"repeat","background-position":"center center","background-size":"auto","background-attachment":"scroll","background-type":"","background-media":"","overlay-type":"","overlay-color":"","overlay-opacity":"","overlay-gradient":""}},"footnotes":""},"class_list":["post-81","page","type-page","status-publish","hentry"],"_links":{"self":[{"href":"https:\/\/syswave.com.br\/index.php\/wp-json\/wp\/v2\/pages\/81","targetHints":{"allow":["GET"]}}],"collection":[{"href":"https:\/\/syswave.com.br\/index.php\/wp-json\/wp\/v2\/pages"}],"about":[{"href":"https:\/\/syswave.com.br\/index.php\/wp-json\/wp\/v2\/types\/page"}],"author":[{"embeddable":true,"href":"https:\/\/syswave.com.br\/index.php\/wp-json\/wp\/v2\/users\/1"}],"replies":[{"embeddable":true,"href":"https:\/\/syswave.com.br\/index.php\/wp-json\/wp\/v2\/comments?post=81"}],"version-history":[{"count":52,"href":"https:\/\/syswave.com.br\/index.php\/wp-json\/wp\/v2\/pages\/81\/revisions"}],"predecessor-version":[{"id":511,"href":"https:\/\/syswave.com.br\/index.php\/wp-json\/wp\/v2\/pages\/81\/revisions\/511"}],"wp:attachment":[{"href":"https:\/\/syswave.com.br\/index.php\/wp-json\/wp\/v2\/media?parent=81"}],"curies":[{"name":"wp","href":"https:\/\/api.w.org\/{rel}","templated":true}]}}